{"id":1254,"date":"2020-04-20T17:03:47","date_gmt":"2020-04-20T20:03:47","guid":{"rendered":"https:\/\/crear-lpa.infd.edu.ar\/sitio\/?page_id=1254"},"modified":"2025-06-24T18:38:44","modified_gmt":"2025-06-24T21:38:44","slug":"desbloqueo-de-netbooks-on-line","status":"publish","type":"page","link":"https:\/\/crear-lpa.infd.edu.ar\/sitio\/desbloqueo-de-netbooks-on-line\/","title":{"rendered":"Desbloqueo de Netbooks On-line"},"content":{"rendered":"<p><strong><em>Estimada comunidad educativa del CREAr:<\/em><\/strong><\/p>\n<p>Para el desbloqueo de netbooks a distancia, deber\u00e1n enviar un correo electr\u00f3nico a <a href=\"mailto:emiliano.vicens@lapampa.edu.ar\">emiliano.vicens@lapampa.edu.ar<\/a>\u00a0 con el Asunto: \u00abDesbloqueo Netbook CREAr\u00bb y los siguientes datos:<br \/>\n&#8211; Nombre\/ Apellido y DNI del estudiante o Docente.<br \/>\n&#8211; Carrera que cursa (estudiante) o materia que dicta (docente).<br \/>\n&#8211; Direcci\u00f3n de correo electr\u00f3nico de contacto.<br \/>\n&#8211; Marca de la\u00a0netbook\u00a0(BGH Positvo, Edunec, Ken Brown, Noblex, otra).<br \/>\n&#8211; N\u00famero de serie del equipo (ubicado en la parte posterior de 10 d\u00edgitos, puede estar acompa\u00f1ado de dos letras AA).<br \/>\n&#8211; Datos de la pantalla de bloqueo (se puede adjuntar una imagen legible):<br \/>\n* Hardware ID.<br \/>\n* Marca de Arranque (Boot Tick).<br \/>\n* S\/N (sin ceros 0).<\/p>\n<p>Una vez recibida esa informaci\u00f3n, ser\u00e1n contactados con instrucciones para\u00a0desbloquear\u00a0el equipo.<\/p>\n<p><strong><span style=\"color: #3366ff;\">Es importante aclarar que solo ser\u00e1n desbloqueados aquellos equipos que fueron otorgados en el instituto CREAr.<\/span><\/strong><\/p>\n<p style=\"text-align: right;\"><strong>Atte: Referente Tecnol\u00f3gico.<\/strong><\/p>\n","protected":false},"excerpt":{"rendered":"<p>Estimada comunidad educativa del CREAr: Para el desbloqueo de netbooks a distancia, deber\u00e1n enviar un correo electr\u00f3nico a emiliano.vicens@lapampa.edu.ar\u00a0 con el Asunto: \u00abDesbloqueo Netbook CREAr\u00bb y los siguientes datos: &#8211; Nombre\/ Apellido y DNI del estudiante o Docente. &#8211; Carrera que cursa (estudiante) o materia que dicta (docente). &#8211; Direcci\u00f3n de correo electr\u00f3nico de contacto. &#8230; <a title=\"Desbloqueo de Netbooks On-line\" class=\"read-more\" href=\"https:\/\/crear-lpa.infd.edu.ar\/sitio\/desbloqueo-de-netbooks-on-line\/\" aria-label=\"More on Desbloqueo de Netbooks On-line\">[+]<\/a><\/p>\n","protected":false},"author":32,"featured_media":0,"parent":0,"menu_order":0,"comment_status":"closed","ping_status":"closed","template":"","meta":[],"acf":[],"_links":{"self":[{"href":"https:\/\/crear-lpa.infd.edu.ar\/sitio\/wp-json\/wp\/v2\/pages\/1254"}],"collection":[{"href":"https:\/\/crear-lpa.infd.edu.ar\/sitio\/wp-json\/wp\/v2\/pages"}],"about":[{"href":"https:\/\/crear-lpa.infd.edu.ar\/sitio\/wp-json\/wp\/v2\/types\/page"}],"author":[{"embeddable":true,"href":"https:\/\/crear-lpa.infd.edu.ar\/sitio\/wp-json\/wp\/v2\/users\/32"}],"replies":[{"embeddable":true,"href":"https:\/\/crear-lpa.infd.edu.ar\/sitio\/wp-json\/wp\/v2\/comments?post=1254"}],"version-history":[{"count":7,"href":"https:\/\/crear-lpa.infd.edu.ar\/sitio\/wp-json\/wp\/v2\/pages\/1254\/revisions"}],"predecessor-version":[{"id":2719,"href":"https:\/\/crear-lpa.infd.edu.ar\/sitio\/wp-json\/wp\/v2\/pages\/1254\/revisions\/2719"}],"wp:attachment":[{"href":"https:\/\/crear-lpa.infd.edu.ar\/sitio\/wp-json\/wp\/v2\/media?parent=1254"}],"curies":[{"name":"wp","href":"https:\/\/api.w.org\/{rel}","templated":true}]}}