{"id":2618,"date":"2025-04-15T18:59:02","date_gmt":"2025-04-15T21:59:02","guid":{"rendered":"https:\/\/crear-lpa.infd.edu.ar\/sitio\/?page_id=2618"},"modified":"2025-04-24T19:43:51","modified_gmt":"2025-04-24T22:43:51","slug":"programas-danza-2025-3anio","status":"publish","type":"page","link":"https:\/\/crear-lpa.infd.edu.ar\/sitio\/programas-danza-2025-3anio\/","title":{"rendered":"Programas Danza \u2013 2025 \u2013 3\u00b0A\u00f1o"},"content":{"rendered":"\n<p><\/p>\n\n\n\n<ul>\n<li>Danzas Cl\u00e1sicas &#8211; Prof. Dal Santo\/Baraybar.<\/li>\n\n\n\n<li>Did\u00e1ctica de la danza II &#8211; Prof. Ruggieri.<\/li>\n\n\n\n<li>ESI &#8211; Prof. Tamagnone\/Alvarez.<\/li>\n\n\n\n<li>Historia y Pol\u00edtica de la educaci\u00f3n Argentina &#8211; Prof. Laura Etchart.<\/li>\n\n\n\n<li>Historia de la Cultura Latinoamericana &#8211; Prof. Marta Olave.<\/li>\n\n\n\n<li>Improvisaci\u00f3n e interpretaci\u00f3n coreogr\u00e1fica &#8211; Prof. Dal Santo\/Miranda\/Gatica.<\/li>\n\n\n\n<li>Pr\u00e1ctica y Reflexi\u00f3n Docente III &#8211; Prof. Ruggieri\/Olivares.<\/li>\n\n\n\n<li><a href=\"https:\/\/crear-lpa.infd.edu.ar\/sitio\/wp-content\/uploads\/2025\/04\/2025-PROGRAMA-Problemat.-contemp.-Educ-Artist-Danza.pdf\">Problem\u00e1ticas contempor\u00e1neas en la Educaci\u00f3n Art\u00edstica &#8211; Prof. Conde.<\/a><\/li>\n\n\n\n<li>Sujeto de la educaci\u00f3n II &#8211; Prof. Adriana Mugabure.<\/li>\n\n\n\n<li><a href=\"https:\/\/crear-lpa.infd.edu.ar\/sitio\/wp-content\/uploads\/2025\/04\/Programa-Tecnica-de-la-Danza-Folklorica-III-2025.pdf\">T\u00e9cnica de la Danza Folkl\u00f3rica III &#8211; Prof. Villalba\/Ruggieri<\/a>.<\/li>\n\n\n\n<li>TIC &#8211; Prof. Araceli Dal Santo.<\/li>\n<\/ul>\n","protected":false},"excerpt":{"rendered":"","protected":false},"author":32,"featured_media":0,"parent":0,"menu_order":0,"comment_status":"closed","ping_status":"closed","template":"","meta":[],"acf":[],"_links":{"self":[{"href":"https:\/\/crear-lpa.infd.edu.ar\/sitio\/wp-json\/wp\/v2\/pages\/2618"}],"collection":[{"href":"https:\/\/crear-lpa.infd.edu.ar\/sitio\/wp-json\/wp\/v2\/pages"}],"about":[{"href":"https:\/\/crear-lpa.infd.edu.ar\/sitio\/wp-json\/wp\/v2\/types\/page"}],"author":[{"embeddable":true,"href":"https:\/\/crear-lpa.infd.edu.ar\/sitio\/wp-json\/wp\/v2\/users\/32"}],"replies":[{"embeddable":true,"href":"https:\/\/crear-lpa.infd.edu.ar\/sitio\/wp-json\/wp\/v2\/comments?post=2618"}],"version-history":[{"count":3,"href":"https:\/\/crear-lpa.infd.edu.ar\/sitio\/wp-json\/wp\/v2\/pages\/2618\/revisions"}],"predecessor-version":[{"id":2649,"href":"https:\/\/crear-lpa.infd.edu.ar\/sitio\/wp-json\/wp\/v2\/pages\/2618\/revisions\/2649"}],"wp:attachment":[{"href":"https:\/\/crear-lpa.infd.edu.ar\/sitio\/wp-json\/wp\/v2\/media?parent=2618"}],"curies":[{"name":"wp","href":"https:\/\/api.w.org\/{rel}","templated":true}]}}