{"id":318,"date":"2016-10-31T14:20:44","date_gmt":"2016-10-31T17:20:44","guid":{"rendered":"https:\/\/crear-lpa.infd.edu.ar\/sitio\/?page_id=318"},"modified":"2025-04-08T19:39:39","modified_gmt":"2025-04-08T22:39:39","slug":"contacto","status":"publish","type":"page","link":"https:\/\/crear-lpa.infd.edu.ar\/sitio\/contacto\/","title":{"rendered":"CONTACTO"},"content":{"rendered":"<h2>Comunicate con nosotros<\/h2>\n<p>Env\u00eda tu consulta al \u00e1rea correspondiente detallando nombre, apellido, carrera y comentarios.<\/p>\n<p><span style=\"text-decoration: underline;\">Direcci\u00f3n:<\/span> Almirante Brown y 1\u00ba de Mayo<\/p>\n<p><span style=\"text-decoration: underline;\">C\u00f3digo Postal:<\/span> 6300<\/p>\n<p><em>Santa Rosa \u2013 La Pampa\u2013 Argentina<\/em><\/p>\n<h4>Secretar\u00eda<\/h4>\n<p><span style=\"text-decoration: underline;\">Tel\u00e9fono:<\/span> 02954 \u2013 387667<\/p>\n<p><span style=\"text-decoration: underline;\">Correo electr\u00f3nico:<\/span> <a href=\"mailto:crear@lapampa.edu.ar\">crear@lapampa.edu.ar<\/a><\/p>\n<h4>Departamento Estudiantil<\/h4>\n<p><span style=\"text-decoration: underline;\">Tel\u00e9fono:<\/span> 02954-773473<\/p>\n<p><span style=\"text-decoration: underline;\">Correo electr\u00f3nico:<\/span> <a href=\"mailto:departamentoestudiantilcrear@gmail.com\">departamentoestudiantilcrear@gmail.com<\/a><\/p>\n<p><span style=\"text-decoration: underline;\">Turnos:<\/span> Tarde (14 a 18hs) \u2013 Noche (18 a 24hs)<\/p>\n","protected":false},"excerpt":{"rendered":"<p>Comunicate con nosotros Env\u00eda tu consulta al \u00e1rea correspondiente detallando nombre, apellido, carrera y comentarios. Direcci\u00f3n: Almirante Brown y 1\u00ba de Mayo C\u00f3digo Postal: 6300 Santa Rosa \u2013 La Pampa\u2013 Argentina Secretar\u00eda Tel\u00e9fono: 02954 \u2013 387667 Correo electr\u00f3nico: crear@lapampa.edu.ar Departamento Estudiantil Tel\u00e9fono: 02954-773473 Correo electr\u00f3nico: departamentoestudiantilcrear@gmail.com Turnos: Tarde (14 a 18hs) \u2013 Noche (18 a &#8230; <a title=\"CONTACTO\" class=\"read-more\" href=\"https:\/\/crear-lpa.infd.edu.ar\/sitio\/contacto\/\" aria-label=\"More on CONTACTO\">[+]<\/a><\/p>\n","protected":false},"author":1,"featured_media":0,"parent":0,"menu_order":0,"comment_status":"closed","ping_status":"closed","template":"","meta":[],"acf":[],"_links":{"self":[{"href":"https:\/\/crear-lpa.infd.edu.ar\/sitio\/wp-json\/wp\/v2\/pages\/318"}],"collection":[{"href":"https:\/\/crear-lpa.infd.edu.ar\/sitio\/wp-json\/wp\/v2\/pages"}],"about":[{"href":"https:\/\/crear-lpa.infd.edu.ar\/sitio\/wp-json\/wp\/v2\/types\/page"}],"author":[{"embeddable":true,"href":"https:\/\/crear-lpa.infd.edu.ar\/sitio\/wp-json\/wp\/v2\/users\/1"}],"replies":[{"embeddable":true,"href":"https:\/\/crear-lpa.infd.edu.ar\/sitio\/wp-json\/wp\/v2\/comments?post=318"}],"version-history":[{"count":9,"href":"https:\/\/crear-lpa.infd.edu.ar\/sitio\/wp-json\/wp\/v2\/pages\/318\/revisions"}],"predecessor-version":[{"id":2590,"href":"https:\/\/crear-lpa.infd.edu.ar\/sitio\/wp-json\/wp\/v2\/pages\/318\/revisions\/2590"}],"wp:attachment":[{"href":"https:\/\/crear-lpa.infd.edu.ar\/sitio\/wp-json\/wp\/v2\/media?parent=318"}],"curies":[{"name":"wp","href":"https:\/\/api.w.org\/{rel}","templated":true}]}}